{"id":4457,"date":"2023-07-12T11:13:29","date_gmt":"2023-07-12T09:13:29","guid":{"rendered":"https:\/\/lucrezia.qodeinteractive.com\/?page_id=4457"},"modified":"2024-04-22T09:52:37","modified_gmt":"2024-04-22T07:52:37","slug":"contact-us","status":"publish","type":"page","link":"https:\/\/tensus.cloudsystems.hu\/en\/contact-us\/","title":{"rendered":"Kapcsolat"},"content":{"rendered":"<div data-elementor-type=\"wp-page\" data-elementor-id=\"4457\" class=\"elementor elementor-4457\">\n\t\t\t\t<div class=\"elementor-element elementor-element-299373b e-con-full e-flex e-con e-parent\" data-id=\"299373b\" data-element_type=\"container\" data-settings=\"{&quot;content_width&quot;:&quot;full&quot;}\" data-core-v316-plus=\"true\">\n\t\t<div class=\"elementor-element elementor-element-f6eebca e-con-full e-flex e-con e-child\" data-id=\"f6eebca\" data-element_type=\"container\" data-settings=\"{&quot;content_width&quot;:&quot;full&quot;}\">\n\t\t\t\t<div class=\"elementor-element elementor-element-40c9dd3 elementor-widget__width-inherit elementor-widget elementor-widget-lucrezia_core_section_title\" data-id=\"40c9dd3\" data-element_type=\"widget\" data-widget_type=\"lucrezia_core_section_title.default\">\n\t\t\t\t<div class=\"elementor-widget-container\">\n\t\t\t<div class=\"qodef-shortcode qodef-m  qodef-section-title qodef-alignment--left  qodef-title-line--yes\">\n\t\t<h2 class=\"qodef-m-title\" >\n\t\t\t\t\tEl\u00e9rhet\u0151s\u00e9g\t\t\t<\/h2>\n\t<\/div>\n\t\t<\/div>\n\t\t\t\t<\/div>\n\t\t\t\t<\/div>\n\t\t\t\t<\/div>\n\t\t<div class=\"elementor-element elementor-element-f99225f e-con-full qodef-elementor-content-grid e-flex e-con e-parent\" data-id=\"f99225f\" data-element_type=\"container\" data-settings=\"{&quot;content_width&quot;:&quot;full&quot;}\" data-core-v316-plus=\"true\">\n\t\t<div class=\"elementor-element elementor-element-2018769 e-con-full e-flex e-con e-child\" data-id=\"2018769\" data-element_type=\"container\" data-settings=\"{&quot;content_width&quot;:&quot;full&quot;}\">\n\t\t\t\t<div class=\"elementor-element elementor-element-1d3e388 elementor-widget elementor-widget-text-editor\" data-id=\"1d3e388\" data-element_type=\"widget\" data-widget_type=\"text-editor.default\">\n\t\t\t\t<div class=\"elementor-widget-container\">\n\t\t\t<style>\/*! elementor - v3.19.0 - 29-01-2024 *\/\n.elementor-widget-text-editor.elementor-drop-cap-view-stacked .elementor-drop-cap{background-color:#69727d;color:#fff}.elementor-widget-text-editor.elementor-drop-cap-view-framed .elementor-drop-cap{color:#69727d;border:3px solid;background-color:transparent}.elementor-widget-text-editor:not(.elementor-drop-cap-view-default) .elementor-drop-cap{margin-top:8px}.elementor-widget-text-editor:not(.elementor-drop-cap-view-default) .elementor-drop-cap-letter{width:1em;height:1em}.elementor-widget-text-editor .elementor-drop-cap{float:left;text-align:center;line-height:1;font-size:50px}.elementor-widget-text-editor .elementor-drop-cap-letter{display:inline-block}<\/style>\t\t\t\t<h5>2040 Buda\u00f6rs, Baross u. 89.<\/h5>\t\t\t\t\t\t<\/div>\n\t\t\t\t<\/div>\n\t\t\t\t<div class=\"elementor-element elementor-element-8ad193c elementor-widget elementor-widget-text-editor\" data-id=\"8ad193c\" data-element_type=\"widget\" data-widget_type=\"text-editor.default\">\n\t\t\t\t<div class=\"elementor-widget-container\">\n\t\t\t\t\t\t\t<h5><a href=\"tel:0123456789\">+(36) 11 2345 6789<\/a><br>\n<a href=\"mailto:support@tensus.hu\">support@tensus.hu<\/a><\/h5>\t\t\t\t\t\t<\/div>\n\t\t\t\t<\/div>\n\t\t\t\t<\/div>\n\t\t<div class=\"elementor-element elementor-element-85124f0 e-con-full elementor-hidden-tablet elementor-hidden-mobile e-flex e-con e-child\" data-id=\"85124f0\" data-element_type=\"container\" data-settings=\"{&quot;content_width&quot;:&quot;full&quot;}\">\n\t\t\t\t<\/div>\n\t\t\t\t<\/div>\n\t\t<div class=\"elementor-element elementor-element-e991609 e-con-full qodef-elementor-content-grid e-flex e-con e-parent\" data-id=\"e991609\" data-element_type=\"container\" data-settings=\"{&quot;content_width&quot;:&quot;full&quot;}\" data-core-v316-plus=\"true\">\n\t\t\t\t<div class=\"elementor-element elementor-element-d84ab60 elementor-widget elementor-widget-text-editor\" data-id=\"d84ab60\" data-element_type=\"widget\" data-widget_type=\"text-editor.default\">\n\t\t\t\t<div class=\"elementor-widget-container\">\n\t\t\t\t\t\t\t<h1>Kapcsolatfelv\u00e9tel<\/h1>\t\t\t\t\t\t<\/div>\n\t\t\t\t<\/div>\n\t\t\t\t<div class=\"elementor-element elementor-element-79c7522 elementor-widget elementor-widget-text-editor\" data-id=\"79c7522\" data-element_type=\"widget\" data-widget_type=\"text-editor.default\">\n\t\t\t\t<div class=\"elementor-widget-container\">\n\t\t\t\t\t\t\t<p style=\"font-family: poppins; font-size: 21px;\">Lorem ipsum dolor sit amet, consectetur adipis, luct<\/p>\t\t\t\t\t\t<\/div>\n\t\t\t\t<\/div>\n\t\t\t\t<\/div>\n\t\t<div class=\"elementor-element elementor-element-da365ac e-con-full qodef-elementor-content-grid e-flex e-con e-parent\" data-id=\"da365ac\" data-element_type=\"container\" data-settings=\"{&quot;content_width&quot;:&quot;full&quot;}\" data-core-v316-plus=\"true\">\n\t\t\t\t<div class=\"elementor-element elementor-element-61900d9 elementor-widget__width-initial elementor-widget elementor-widget-wp-widget-lucrezia_core_contact_form_7\" data-id=\"61900d9\" data-element_type=\"widget\" data-widget_type=\"wp-widget-lucrezia_core_contact_form_7.default\">\n\t\t\t\t<div class=\"elementor-widget-container\">\n\t\t\t\t\t\t<div class=\"qodef-contact-form-7\">\n\t\t\t\t\n<div class=\"wpcf7 no-js\" id=\"wpcf7-f3109-o1\" lang=\"en-US\" dir=\"ltr\">\n<div class=\"screen-reader-response\"><p role=\"status\" aria-live=\"polite\" aria-atomic=\"true\"><\/p> <ul><\/ul><\/div>\n<form action=\"\/en\/wp-json\/wp\/v2\/pages\/4457#wpcf7-f3109-o1\" method=\"post\" class=\"wpcf7-form init\" aria-label=\"Contact form\" novalidate=\"novalidate\" data-status=\"init\" data-trp-original-action=\"\/en\/wp-json\/wp\/v2\/pages\/4457#wpcf7-f3109-o1\">\n<div style=\"display: none;\">\n<input type=\"hidden\" name=\"_wpcf7\" value=\"3109\" \/>\n<input type=\"hidden\" name=\"_wpcf7_version\" value=\"5.8.6\" \/>\n<input type=\"hidden\" name=\"_wpcf7_locale\" value=\"en_US\" \/>\n<input type=\"hidden\" name=\"_wpcf7_unit_tag\" value=\"wpcf7-f3109-o1\" \/>\n<input type=\"hidden\" name=\"_wpcf7_container_post\" value=\"0\" \/>\n<input type=\"hidden\" name=\"_wpcf7_posted_data_hash\" value=\"\" \/>\n<\/div>\n<div class=\"qodef-contact-form\">\n\n<div>\n\n<span class=\"wpcf7-form-control-wrap\" data-name=\"your-name\"><input size=\"40\" class=\"wpcf7-form-control wpcf7-text wpcf7-validates-as-required\" autocomplete=\"name\" aria-required=\"true\" aria-invalid=\"false\" placeholder=\"N\u00e9v\" value=\"\" type=\"text\" name=\"your-name\" \/><\/span>\n\n \n\n<span class=\"wpcf7-form-control-wrap\" data-name=\"your-email\"><input size=\"40\" class=\"wpcf7-form-control wpcf7-email wpcf7-validates-as-required wpcf7-text wpcf7-validates-as-email\" autocomplete=\"email\" aria-required=\"true\" aria-invalid=\"false\" placeholder=\"E-mail\" value=\"\" type=\"email\" name=\"your-email\" \/><\/span>\n\n<\/div>\n\n<span class=\"wpcf7-form-control-wrap\" data-name=\"your-message\"><textarea cols=\"40\" rows=\"10\" class=\"wpcf7-form-control wpcf7-textarea\" aria-invalid=\"false\" placeholder=\"\u00dczenet\" name=\"your-message\"><\/textarea><\/span>\n\n \n\n<button type='submit' class=\"qodef-shortcode qodef-m  qodef-button qodef-layout--textual  qodef-html--link\">\n\n<span class=\"qodef-m-text\">K\u00fcld\u00e9s<\/span>\n\n<\/button>\n\n<\/div><div class=\"wpcf7-response-output\" aria-hidden=\"true\"><\/div>\n<input type=\"hidden\" name=\"trp-form-language\" value=\"en\"\/><\/form>\n<\/div>\n\t\t\t<\/div>\n\t\t\t\t\t<\/div>\n\t\t\t\t<\/div>\n\t\t\t\t<\/div>\n\t\t\t\t<\/div>","protected":false},"excerpt":{"rendered":"<p>El\u00e9rhet\u0151s\u00e9g 2040 Buda\u00f6rs, Baross u. 89. +(36) 11 2345 6789 support@tensus.hu Kapcsolatfelv\u00e9tel Lorem ipsum dolor sit amet, consectetur adipis, luct<\/p>","protected":false},"author":3,"featured_media":0,"parent":0,"menu_order":0,"comment_status":"closed","ping_status":"closed","template":"page-full-width.php","meta":{"footnotes":""},"_links":{"self":[{"href":"https:\/\/tensus.cloudsystems.hu\/en\/wp-json\/wp\/v2\/pages\/4457"}],"collection":[{"href":"https:\/\/tensus.cloudsystems.hu\/en\/wp-json\/wp\/v2\/pages"}],"about":[{"href":"https:\/\/tensus.cloudsystems.hu\/en\/wp-json\/wp\/v2\/types\/page"}],"author":[{"embeddable":true,"href":"https:\/\/tensus.cloudsystems.hu\/en\/wp-json\/wp\/v2\/users\/3"}],"replies":[{"embeddable":true,"href":"https:\/\/tensus.cloudsystems.hu\/en\/wp-json\/wp\/v2\/comments?post=4457"}],"version-history":[{"count":31,"href":"https:\/\/tensus.cloudsystems.hu\/en\/wp-json\/wp\/v2\/pages\/4457\/revisions"}],"predecessor-version":[{"id":10746,"href":"https:\/\/tensus.cloudsystems.hu\/en\/wp-json\/wp\/v2\/pages\/4457\/revisions\/10746"}],"wp:attachment":[{"href":"https:\/\/tensus.cloudsystems.hu\/en\/wp-json\/wp\/v2\/media?parent=4457"}],"curies":[{"name":"wp","href":"https:\/\/api.w.org\/{rel}","templated":true}]}}